{"id":3331,"date":"2013-03-23T13:06:18","date_gmt":"2013-03-23T13:06:18","guid":{"rendered":"http:\/\/gsiew.gcli.foundation\/contact-2\/"},"modified":"2017-04-02T21:13:40","modified_gmt":"2017-04-02T21:13:40","slug":"contact-2","status":"publish","type":"page","link":"http:\/\/gsiew.gcli.foundation\/fr\/contact-2\/","title":{"rendered":"Contact"},"content":{"rendered":"[vc_row type=\u00a0\u00bbfull_width_background\u00a0\u00bb full_screen_row_position=\u00a0\u00bbmiddle\u00a0\u00bb scene_position=\u00a0\u00bbcenter\u00a0\u00bb text_color=\u00a0\u00bbdark\u00a0\u00bb text_align=\u00a0\u00bbleft\u00a0\u00bb overlay_strength=\u00a0\u00bb0.3&Prime;][vc_column column_padding=\u00a0\u00bbno-extra-padding\u00a0\u00bb column_padding_position=\u00a0\u00bball\u00a0\u00bb background_color_opacity=\u00a0\u00bb1&Prime; background_hover_color_opacity=\u00a0\u00bb1&Prime; width=\u00a0\u00bb1\/1&Prime; tablet_text_alignment=\u00a0\u00bbdefault\u00a0\u00bb phone_text_alignment=\u00a0\u00bbdefault\u00a0\u00bb]<div style=\"height: 600px\"  data-transition=\"slide\" data-overall_style=\"classic\" data-flexible-height=\"\" data-animate-in-effect=\"none\" data-fullscreen=\"false\" data-button-sizing=\"regular\" data-button-styling=\"btn_with_count\" data-autorotate=\"5000\" data-parallax=\"false\" data-full-width=\"true\" class=\"nectar-slider-wrap \" id=\"ns-id-69ea52ec5667c\">\r\n\t\t\t<div style=\"height: 600px\" class=\"swiper-container\"  data-tho=\"auto\" data-tco=\"auto\" data-pho=\"auto\" data-pco=\"auto\" data-loop=\"true\" data-height=\"600\" data-min-height=\"\" data-arrows=\"true\" data-bullets=\"true\" data-bullet_style=\"see_through\" data-desktop-swipe=\"false\" data-settings=\"\">\r\n\t\t\t\t    <div class=\"swiper-wrapper\"><div class=\"swiper-slide\" data-bg-alignment=\"center\" data-color-scheme=\"light\" data-x-pos=\"left\" data-y-pos=\"middle\"> \r\n\t\t\t\t\t\t\t\t<div class=\"image-bg\" style=\"background-image: url(http:\/\/gsiew.gcli.foundation\/wp-content\/uploads\/2016\/09\/DSC_0691b.jpg);\"> &nbsp; <\/div><div class=\"container\">\r\n\t\t\t\t\t\t\t\t\t<div class=\"content\"><h2>GAETAN SIEW<\/h2><p  ><span>Contact<\/span><\/p><\/div>\r\n\t\t\t\t\t\t\t\t<\/div><!--\/container--><div class=\"video-texture active_texture\"> <span class=\"ie-fix\"><\/span> <\/div><\/div><!--\/swiper-slide--><div class=\"swiper-slide\" data-bg-alignment=\"center\" data-color-scheme=\"light\" data-x-pos=\"left\" data-y-pos=\"middle\"> \r\n\t\t\t\t\t\t\t\t<div class=\"image-bg\" style=\"background-image: url(http:\/\/gsiew.gcli.foundation\/wp-content\/uploads\/2016\/09\/DSC_0701b.jpg);\"> &nbsp; <\/div><div class=\"container\">\r\n\t\t\t\t\t\t\t\t\t<div class=\"content\"><h2>GAETAN SIEW<\/h2><p  ><span>Contact<\/span><\/p><\/div>\r\n\t\t\t\t\t\t\t\t<\/div><!--\/container--><div class=\"video-texture active_texture\"> <span class=\"ie-fix\"><\/span> <\/div><\/div><!--\/swiper-slide--><\/div><a href=\"\" class=\"slider-prev\"><i class=\"icon-salient-left-arrow\"><\/i> <div class=\"slide-count\"> <span class=\"slide-current\">1<\/span> <i class=\"icon-salient-right-line\"><\/i> <span class=\"slide-total\"><\/span> <\/div> <\/a>\r\n\t\t\t\t     \t\t<a href=\"\" class=\"slider-next\"><i class=\"icon-salient-right-arrow\"><\/i> <div class=\"slide-count\"> <span class=\"slide-current\">1<\/span> <i class=\"icon-salient-right-line\"><\/i> <span class=\"slide-total\"><\/span> <\/div> <\/a><div class=\"slider-pagination\"><\/div><div class=\"nectar-slider-loading \"> <span class=\"loading-icon none\">   <\/span> <\/div> <\/div> \r\n\t\t\t\t\r\n\t\t\t<\/div>[\/vc_column][\/vc_row][vc_row type=\u00a0\u00bbfull_width_background\u00a0\u00bb full_screen_row_position=\u00a0\u00bbmiddle\u00a0\u00bb scene_position=\u00a0\u00bbcenter\u00a0\u00bb text_color=\u00a0\u00bbdark\u00a0\u00bb text_align=\u00a0\u00bbleft\u00a0\u00bb top_padding=\u00a0\u00bb70&Prime; bottom_padding=\u00a0\u00bb60&Prime; overlay_strength=\u00a0\u00bb0.3&Prime;][vc_column column_padding=\u00a0\u00bbno-extra-padding\u00a0\u00bb column_padding_position=\u00a0\u00bball\u00a0\u00bb background_color_opacity=\u00a0\u00bb1&Prime; background_hover_color_opacity=\u00a0\u00bb1&Prime; width=\u00a0\u00bb2\/3&Prime; tablet_text_alignment=\u00a0\u00bbdefault\u00a0\u00bb phone_text_alignment=\u00a0\u00bbdefault\u00a0\u00bb][vc_column_text]<div role=\"form\" class=\"wpcf7\" id=\"wpcf7-f3339-o1\" lang=\"en-US\" dir=\"ltr\">\n<div class=\"screen-reader-response\"><p role=\"status\" aria-live=\"polite\" aria-atomic=\"true\"><\/p> <ul><\/ul><\/div>\n<form action=\"\/fr\/wp-json\/wp\/v2\/pages\/3331#wpcf7-f3339-o1\" method=\"post\" class=\"wpcf7-form init\" novalidate=\"novalidate\" data-status=\"init\">\n<div style=\"display: none;\">\n<input type=\"hidden\" name=\"_wpcf7\" value=\"3339\" \/>\n<input type=\"hidden\" name=\"_wpcf7_version\" value=\"5.5.4\" \/>\n<input type=\"hidden\" name=\"_wpcf7_locale\" value=\"en_US\" \/>\n<input type=\"hidden\" name=\"_wpcf7_unit_tag\" value=\"wpcf7-f3339-o1\" \/>\n<input type=\"hidden\" name=\"_wpcf7_container_post\" value=\"0\" \/>\n<input type=\"hidden\" name=\"_wpcf7_posted_data_hash\" value=\"\" \/>\n<\/div>\n<p><label> Nom (requis)<br \/>\n    <span class=\"wpcf7-form-control-wrap your-name\"><input type=\"text\" name=\"your-name\" value=\"\" size=\"40\" class=\"wpcf7-form-control wpcf7-text wpcf7-validates-as-required\" aria-required=\"true\" aria-invalid=\"false\" \/><\/span> <\/label><\/p>\n<p><label> Email (requis)<br \/>\n    <span class=\"wpcf7-form-control-wrap your-email\"><input type=\"email\" name=\"your-email\" value=\"\" size=\"40\" class=\"wpcf7-form-control wpcf7-text wpcf7-email wpcf7-validates-as-required wpcf7-validates-as-email\" aria-required=\"true\" aria-invalid=\"false\" \/><\/span> <\/label><\/p>\n<p><label> Suject<br \/>\n    <span class=\"wpcf7-form-control-wrap your-subject\"><input type=\"text\" name=\"your-subject\" value=\"\" size=\"40\" class=\"wpcf7-form-control wpcf7-text\" aria-invalid=\"false\" \/><\/span> <\/label><\/p>\n<p><label> Message<br \/>\n    <span class=\"wpcf7-form-control-wrap your-message\"><textarea name=\"your-message\" cols=\"40\" rows=\"10\" class=\"wpcf7-form-control wpcf7-textarea\" aria-invalid=\"false\"><\/textarea><\/span> <\/label><\/p>\n<p><input type=\"submit\" value=\"Envoyer\" class=\"wpcf7-form-control has-spinner wpcf7-submit\" \/><\/p>\n<div class=\"wpcf7-response-output\" aria-hidden=\"true\"><\/div><\/form><\/div>[\/vc_column_text][\/vc_column][vc_column column_padding=\u00a0\u00bbno-extra-padding\u00a0\u00bb column_padding_position=\u00a0\u00bball\u00a0\u00bb background_color_opacity=\u00a0\u00bb1&Prime; background_hover_color_opacity=\u00a0\u00bb1&Prime; width=\u00a0\u00bb1\/3&Prime; tablet_text_alignment=\u00a0\u00bbdefault\u00a0\u00bb phone_text_alignment=\u00a0\u00bbdefault\u00a0\u00bb][vc_column_text]\n<h2>N&rsquo;h\u00e9sitez pas \u00e0 nous contacter!<\/h2>\n<p>Voyageant \u00e0 travers plus de 150 pays et 300 villes, Gaetan Siew partage une vision unique sur le monde de l&rsquo;architecture, l&rsquo;urbanisme et les peuples. Cette exp\u00e9rience v\u00e9cue lui donne la possibilit\u00e9 de connecter les composants \u00e0 travers ces disciplines pour encourager des plates-formes innovantes afin de r\u00e9soudre des probl\u00e8mes contemporains. Il est toujours \u00e0 l&rsquo;aff\u00fbt des liens constructifs et des occasions de partager les connaissances et les le\u00e7ons apprises, alors n&rsquo;h\u00e9sitez pas \u00e0 nous contacter !<\/p>\n<h2>Venez nous rendre visite<\/h2>\n<p>Le si\u00e8ge de Global Creative Leadership Innitiative et le bureau de Gaetan Siew sont situ\u00e9s \u00e0 Maurice.[\/vc_column_text]<div class=\"divider-wrap\"><div style=\"height: 20px;\" class=\"divider\"><\/div><\/div><div class=\"col span_6\" data-animation=\"\" data-delay=\"0\">[vc_column_text]<b>Adresse<\/b>: 5 St Georges Street, Port Louis, Mauritius[\/vc_column_text]<\/div><div class=\"col span_6 col_last\" data-animation=\"\" data-delay=\"0\">[vc_column_text]<b>Tel<\/b>: +(230) 208 93 94<br \/>\n<b>Email<\/b>: Info@gcli.foundation[\/vc_column_text]<\/div><div class=\"clear\"><\/div>[\/vc_column][\/vc_row]\n","protected":false},"excerpt":{"rendered":"<p>[vc_row type=\u00a0\u00bbfull_width_background\u00a0\u00bb full_screen_row_position=\u00a0\u00bbmiddle\u00a0\u00bb scene_position=\u00a0\u00bbcenter\u00a0\u00bb text_color=\u00a0\u00bbdark\u00a0\u00bb text_align=\u00a0\u00bbleft\u00a0\u00bb overlay_strength=\u00a0\u00bb0.3&Prime;][vc_column column_padding=\u00a0\u00bbno-extra-padding\u00a0\u00bb column_padding_position=\u00a0\u00bball\u00a0\u00bb background_color_opacity=\u00a0\u00bb1&Prime; background_hover_color_opacity=\u00a0\u00bb1&Prime; width=\u00a0\u00bb1\/1&Prime; tablet_text_alignment=\u00a0\u00bbdefault\u00a0\u00bb phone_text_alignment=\u00a0\u00bbdefault\u00a0\u00bb][\/vc_column][\/vc_row][vc_row type=\u00a0\u00bbfull_width_background\u00a0\u00bb full_screen_row_position=\u00a0\u00bbmiddle\u00a0\u00bb scene_position=\u00a0\u00bbcenter\u00a0\u00bb text_color=\u00a0\u00bbdark\u00a0\u00bb text_align=\u00a0\u00bbleft\u00a0\u00bb top_padding=\u00a0\u00bb70&Prime; bottom_padding=\u00a0\u00bb60&Prime; overlay_strength=\u00a0\u00bb0.3&Prime;][vc_column column_padding=\u00a0\u00bbno-extra-padding\u00a0\u00bb column_padding_position=\u00a0\u00bball\u00a0\u00bb background_color_opacity=\u00a0\u00bb1&Prime; background_hover_color_opacity=\u00a0\u00bb1&Prime; width=\u00a0\u00bb2\/3&Prime; tablet_text_alignment=\u00a0\u00bbdefault\u00a0\u00bb phone_text_alignment=\u00a0\u00bbdefault\u00a0\u00bb][vc_column_text][\/vc_column_text][\/vc_column][vc_column column_padding=\u00a0\u00bbno-extra-padding\u00a0\u00bb&#8230;<\/p>\n","protected":false},"author":1,"featured_media":0,"parent":0,"menu_order":40,"comment_status":"open","ping_status":"closed","template":"","meta":[],"_links":{"self":[{"href":"http:\/\/gsiew.gcli.foundation\/fr\/wp-json\/wp\/v2\/pages\/3331"}],"collection":[{"href":"http:\/\/gsiew.gcli.foundation\/fr\/wp-json\/wp\/v2\/pages"}],"about":[{"href":"http:\/\/gsiew.gcli.foundation\/fr\/wp-json\/wp\/v2\/types\/page"}],"author":[{"embeddable":true,"href":"http:\/\/gsiew.gcli.foundation\/fr\/wp-json\/wp\/v2\/users\/1"}],"replies":[{"embeddable":true,"href":"http:\/\/gsiew.gcli.foundation\/fr\/wp-json\/wp\/v2\/comments?post=3331"}],"version-history":[{"count":3,"href":"http:\/\/gsiew.gcli.foundation\/fr\/wp-json\/wp\/v2\/pages\/3331\/revisions"}],"predecessor-version":[{"id":3340,"href":"http:\/\/gsiew.gcli.foundation\/fr\/wp-json\/wp\/v2\/pages\/3331\/revisions\/3340"}],"wp:attachment":[{"href":"http:\/\/gsiew.gcli.foundation\/fr\/wp-json\/wp\/v2\/media?parent=3331"}],"curies":[{"name":"wp","href":"https:\/\/api.w.org\/{rel}","templated":true}]}}